{"id":611,"date":"2022-01-20T21:33:53","date_gmt":"2022-01-20T21:33:53","guid":{"rendered":"https:\/\/campingrevenature.com\/?page_id=611"},"modified":"2025-01-09T21:04:07","modified_gmt":"2025-01-09T21:04:07","slug":"roulotte-a-louer","status":"publish","type":"page","link":"https:\/\/campingrevesnature.com\/index.php\/roulotte-a-louer\/","title":{"rendered":"Roulotte \u00e0 louer"},"content":{"rendered":"\t\t<div data-elementor-type=\"wp-page\" data-elementor-id=\"611\" class=\"elementor elementor-611\" data-elementor-post-type=\"page\">\n\t\t\t\t\t\t<section class=\"elementor-section elementor-top-section elementor-element elementor-element-c6ae3eb elementor-section-boxed elementor-section-height-default elementor-section-height-default\" data-id=\"c6ae3eb\" data-element_type=\"section\" data-e-type=\"section\" data-settings=\"{&quot;background_background&quot;:&quot;classic&quot;}\">\n\t\t\t\t\t\t\t<div class=\"elementor-background-overlay\"><\/div>\n\t\t\t\t\t\t\t<div class=\"elementor-container elementor-column-gap-default\">\n\t\t\t\t\t<div class=\"elementor-column elementor-col-100 elementor-top-column elementor-element elementor-element-3c80973a elementor-invisible\" data-id=\"3c80973a\" data-element_type=\"column\" data-e-type=\"column\" data-settings=\"{&quot;animation&quot;:&quot;fadeIn&quot;}\">\n\t\t\t<div class=\"elementor-widget-wrap elementor-element-populated\">\n\t\t\t\t\t\t<div class=\"elementor-element elementor-element-1cc6137f elementor-invisible elementor-widget elementor-widget-heading\" data-id=\"1cc6137f\" data-element_type=\"widget\" data-e-type=\"widget\" data-settings=\"{&quot;_animation&quot;:&quot;fadeIn&quot;}\" data-widget_type=\"heading.default\">\n\t\t\t\t<div class=\"elementor-widget-container\">\n\t\t\t\t\t<h2 class=\"elementor-heading-title elementor-size-default\">en location<\/h2>\t\t\t\t<\/div>\n\t\t\t\t<\/div>\n\t\t\t\t<div class=\"elementor-element elementor-element-831771f elementor-invisible elementor-widget elementor-widget-heading\" data-id=\"831771f\" data-element_type=\"widget\" data-e-type=\"widget\" data-settings=\"{&quot;_animation&quot;:&quot;fadeIn&quot;,&quot;_animation_delay&quot;:200}\" data-widget_type=\"heading.default\">\n\t\t\t\t<div class=\"elementor-widget-container\">\n\t\t\t\t\t<h2 class=\"elementor-heading-title elementor-size-default\">ROULOTTE<\/h2>\t\t\t\t<\/div>\n\t\t\t\t<\/div>\n\t\t\t\t\t<\/div>\n\t\t<\/div>\n\t\t\t\t\t<\/div>\n\t\t<\/section>\n\t\t\t\t<section class=\"elementor-section elementor-top-section elementor-element elementor-element-3bf2c42 elementor-section-boxed elementor-section-height-default elementor-section-height-default\" data-id=\"3bf2c42\" data-element_type=\"section\" data-e-type=\"section\">\n\t\t\t\t\t\t<div class=\"elementor-container elementor-column-gap-default\">\n\t\t\t\t\t<div class=\"elementor-column elementor-col-100 elementor-top-column elementor-element elementor-element-312d658\" data-id=\"312d658\" data-element_type=\"column\" data-e-type=\"column\">\n\t\t\t<div class=\"elementor-widget-wrap elementor-element-populated\">\n\t\t\t\t\t\t<section class=\"elementor-section elementor-inner-section elementor-element elementor-element-c51ee54 elementor-section-boxed elementor-section-height-default elementor-section-height-default\" data-id=\"c51ee54\" data-element_type=\"section\" data-e-type=\"section\">\n\t\t\t\t\t\t<div class=\"elementor-container elementor-column-gap-default\">\n\t\t\t\t\t<div class=\"elementor-column elementor-col-50 elementor-inner-column elementor-element elementor-element-19ebcf4\" data-id=\"19ebcf4\" data-element_type=\"column\" data-e-type=\"column\">\n\t\t\t<div class=\"elementor-widget-wrap elementor-element-populated\">\n\t\t\t\t\t\t<div class=\"elementor-element elementor-element-f69cbdd elementor-widget elementor-widget-image\" data-id=\"f69cbdd\" data-element_type=\"widget\" data-e-type=\"widget\" data-widget_type=\"image.default\">\n\t\t\t\t<div class=\"elementor-widget-container\">\n\t\t\t\t\t\t\t\t\t\t\t\t\t\t\t<img fetchpriority=\"high\" decoding=\"async\" width=\"800\" height=\"533\" src=\"https:\/\/campingrevesnature.com\/wp-content\/uploads\/2025\/01\/IMG_8688-1024x682.jpg\" class=\"attachment-large size-large wp-image-928\" alt=\"\" srcset=\"https:\/\/campingrevesnature.com\/wp-content\/uploads\/2025\/01\/IMG_8688-1024x682.jpg 1024w, https:\/\/campingrevesnature.com\/wp-content\/uploads\/2025\/01\/IMG_8688-300x200.jpg 300w, https:\/\/campingrevesnature.com\/wp-content\/uploads\/2025\/01\/IMG_8688-768x512.jpg 768w, https:\/\/campingrevesnature.com\/wp-content\/uploads\/2025\/01\/IMG_8688-1536x1024.jpg 1536w, https:\/\/campingrevesnature.com\/wp-content\/uploads\/2025\/01\/IMG_8688.jpg 2000w\" sizes=\"(max-width: 800px) 100vw, 800px\" \/>\t\t\t\t\t\t\t\t\t\t\t\t\t\t\t<\/div>\n\t\t\t\t<\/div>\n\t\t\t\t\t<\/div>\n\t\t<\/div>\n\t\t\t\t<div class=\"elementor-column elementor-col-50 elementor-inner-column elementor-element elementor-element-ccc3bfa elementor-invisible\" data-id=\"ccc3bfa\" data-element_type=\"column\" data-e-type=\"column\" data-settings=\"{&quot;animation&quot;:&quot;fadeIn&quot;}\">\n\t\t\t<div class=\"elementor-widget-wrap elementor-element-populated\">\n\t\t\t\t\t\t<div class=\"elementor-element elementor-element-4fe153c elementor-invisible elementor-widget elementor-widget-heading\" data-id=\"4fe153c\" data-element_type=\"widget\" data-e-type=\"widget\" data-settings=\"{&quot;_animation&quot;:&quot;fadeIn&quot;}\" data-widget_type=\"heading.default\">\n\t\t\t\t<div class=\"elementor-widget-container\">\n\t\t\t\t\t<h2 class=\"elementor-heading-title elementor-size-default\">r\u00e8glements<\/h2>\t\t\t\t<\/div>\n\t\t\t\t<\/div>\n\t\t\t\t<div class=\"elementor-element elementor-element-48b08a7 elementor-invisible elementor-widget elementor-widget-heading\" data-id=\"48b08a7\" data-element_type=\"widget\" data-e-type=\"widget\" data-settings=\"{&quot;_animation&quot;:&quot;fadeIn&quot;,&quot;_animation_delay&quot;:200}\" data-widget_type=\"heading.default\">\n\t\t\t\t<div class=\"elementor-widget-container\">\n\t\t\t\t\t<h2 class=\"elementor-heading-title elementor-size-default\">Roulotte Oasis 2018 18 pieds<\/h2>\t\t\t\t<\/div>\n\t\t\t\t<\/div>\n\t\t\t\t<div class=\"elementor-element elementor-element-2b8ee2d elementor-widget elementor-widget-text-editor\" data-id=\"2b8ee2d\" data-element_type=\"widget\" data-e-type=\"widget\" data-widget_type=\"text-editor.default\">\n\t\t\t\t<div class=\"elementor-widget-container\">\n\t\t\t\t\t\t\t\t\t<div dir=\"auto\"><ul><li dir=\"auto\">D\u00e9p\u00f4t de 50$ lors de la r\u00e9servation non remboursable si annulation.<\/li><li dir=\"auto\">Paiement de la moiti\u00e9 de la r\u00e9servation 2 semaines a l&rsquo;avance et la balance au moment de votre arriv\u00e9e.\u00a0<\/li><li dir=\"auto\">\u00a0Des petits BBQ sont disponibles a l&rsquo;accueil moyennant des frais.<\/li><li dir=\"auto\">Vous devez apporter votre literie et vos serviettes.<\/li><li dir=\"auto\">Il est interdit de fumer dans les roulottes<\/li><li dir=\"auto\">Les animaux sont interdits \u00e0 l&rsquo;int\u00e9rieur de la roulotte.<\/li><li dir=\"auto\">Vous pouvez recevoir ses visiteurs entre 8h00 et 23h00.<\/li><\/ul><p><strong>\u00c0 NOTER :<\/strong><\/p><ol><li dir=\"auto\">Taxes d&rsquo;h\u00e9bergement, TPS et TVQ en sus.<\/li><li dir=\"auto\">D\u00e9p\u00f4t de 200$ remis 24 hrs apr\u00e8s votre d\u00e9part, suite \u00e0 l&rsquo;inspection de la roulotte.<\/li><li dir=\"auto\">La roulotte doit \u00eatre remise propre comme \u00e0 votre arriv\u00e9e .<\/li><\/ol><\/div>\t\t\t\t\t\t\t\t<\/div>\n\t\t\t\t<\/div>\n\t\t\t\t\t<\/div>\n\t\t<\/div>\n\t\t\t\t\t<\/div>\n\t\t<\/section>\n\t\t\t\t\t<\/div>\n\t\t<\/div>\n\t\t\t\t\t<\/div>\n\t\t<\/section>\n\t\t\t\t<section class=\"elementor-section elementor-top-section elementor-element elementor-element-67828b0 elementor-section-boxed elementor-section-height-default elementor-section-height-default\" data-id=\"67828b0\" data-element_type=\"section\" data-e-type=\"section\">\n\t\t\t\t\t\t<div class=\"elementor-container elementor-column-gap-default\">\n\t\t\t\t\t<div class=\"elementor-column elementor-col-100 elementor-top-column elementor-element elementor-element-0def6e1\" data-id=\"0def6e1\" data-element_type=\"column\" data-e-type=\"column\">\n\t\t\t<div class=\"elementor-widget-wrap elementor-element-populated\">\n\t\t\t\t\t\t<section class=\"elementor-section elementor-inner-section elementor-element elementor-element-b6a577e elementor-section-boxed elementor-section-height-default elementor-section-height-default\" data-id=\"b6a577e\" data-element_type=\"section\" data-e-type=\"section\">\n\t\t\t\t\t\t<div class=\"elementor-container elementor-column-gap-default\">\n\t\t\t\t\t<div class=\"elementor-column elementor-col-50 elementor-inner-column elementor-element elementor-element-6717805 elementor-invisible\" data-id=\"6717805\" data-element_type=\"column\" data-e-type=\"column\" data-settings=\"{&quot;animation&quot;:&quot;fadeIn&quot;,&quot;background_background&quot;:&quot;classic&quot;}\">\n\t\t\t<div class=\"elementor-widget-wrap elementor-element-populated\">\n\t\t\t\t\t\t<div class=\"elementor-element elementor-element-bd1f73b elementor-invisible elementor-widget elementor-widget-heading\" data-id=\"bd1f73b\" data-element_type=\"widget\" data-e-type=\"widget\" data-settings=\"{&quot;_animation&quot;:&quot;fadeIn&quot;}\" data-widget_type=\"heading.default\">\n\t\t\t\t<div class=\"elementor-widget-container\">\n\t\t\t\t\t<h2 class=\"elementor-heading-title elementor-size-default\">4 \u00e0 5 personnes\u00a0<\/h2>\t\t\t\t<\/div>\n\t\t\t\t<\/div>\n\t\t\t\t<div class=\"elementor-element elementor-element-3739ff9 elementor-invisible elementor-widget elementor-widget-heading\" data-id=\"3739ff9\" data-element_type=\"widget\" data-e-type=\"widget\" data-settings=\"{&quot;_animation&quot;:&quot;fadeIn&quot;,&quot;_animation_delay&quot;:200}\" data-widget_type=\"heading.default\">\n\t\t\t\t<div class=\"elementor-widget-container\">\n\t\t\t\t\t<h2 class=\"elementor-heading-title elementor-size-default\">tarification<\/h2>\t\t\t\t<\/div>\n\t\t\t\t<\/div>\n\t\t\t\t<div class=\"elementor-element elementor-element-4efedca elementor-widget elementor-widget-text-editor\" data-id=\"4efedca\" data-element_type=\"widget\" data-e-type=\"widget\" data-widget_type=\"text-editor.default\">\n\t\t\t\t<div class=\"elementor-widget-container\">\n\t\t\t\t\t\t\t\t\t<div dir=\"auto\">\u00a0<\/div><div dir=\"auto\">Location 2 nuits : \u00a0250$<\/div><div dir=\"auto\">Nuits additionnelles : \u00a0100$<\/div><div dir=\"auto\">1 semaine : \u00a0650$<\/div><div dir=\"auto\">Heure d&rsquo;arriv\u00e9e : \u00a015h00<\/div><div dir=\"auto\">Heure de d\u00e9part : \u00a011h00<\/div>\t\t\t\t\t\t\t\t<\/div>\n\t\t\t\t<\/div>\n\t\t\t\t<div class=\"elementor-element elementor-element-ee14a1e elementor-mobile-align-center elementor-align-right elementor-widget elementor-widget-button\" data-id=\"ee14a1e\" data-element_type=\"widget\" data-e-type=\"widget\" data-widget_type=\"button.default\">\n\t\t\t\t<div class=\"elementor-widget-container\">\n\t\t\t\t\t\t\t\t\t<div class=\"elementor-button-wrapper\">\n\t\t\t\t\t<a class=\"elementor-button elementor-button-link elementor-size-sm\" href=\"https:\/\/campingrevesnature.com\/index.php\/reservations-saint-ferdinand-centre-du-quebec\/\">\n\t\t\t\t\t\t<span class=\"elementor-button-content-wrapper\">\n\t\t\t\t\t\t\t\t\t<span class=\"elementor-button-text\">R\u00c9SERVEZ<\/span>\n\t\t\t\t\t<\/span>\n\t\t\t\t\t<\/a>\n\t\t\t\t<\/div>\n\t\t\t\t\t\t\t\t<\/div>\n\t\t\t\t<\/div>\n\t\t\t\t<div class=\"elementor-element elementor-element-8520f0f elementor-widget elementor-widget-heading\" data-id=\"8520f0f\" data-element_type=\"widget\" data-e-type=\"widget\" data-widget_type=\"heading.default\">\n\t\t\t\t<div class=\"elementor-widget-container\">\n\t\t\t\t\t<h2 class=\"elementor-heading-title elementor-size-default\">La roulotte comprend<\/h2>\t\t\t\t<\/div>\n\t\t\t\t<\/div>\n\t\t\t\t<div class=\"elementor-element elementor-element-0f6072b elementor-align-start elementor-icon-list--layout-traditional elementor-list-item-link-full_width elementor-widget elementor-widget-icon-list\" data-id=\"0f6072b\" data-element_type=\"widget\" data-e-type=\"widget\" data-widget_type=\"icon-list.default\">\n\t\t\t\t<div class=\"elementor-widget-container\">\n\t\t\t\t\t\t\t<ul class=\"elementor-icon-list-items\">\n\t\t\t\t\t\t\t<li class=\"elementor-icon-list-item\">\n\t\t\t\t\t\t\t\t\t\t\t<span class=\"elementor-icon-list-icon\">\n\t\t\t\t\t\t\t<i aria-hidden=\"true\" class=\"jki jki-check-light\"><\/i>\t\t\t\t\t\t<\/span>\n\t\t\t\t\t\t\t\t\t\t<span class=\"elementor-icon-list-text\">table de pique nique<\/span>\n\t\t\t\t\t\t\t\t\t<\/li>\n\t\t\t\t\t\t\t\t<li class=\"elementor-icon-list-item\">\n\t\t\t\t\t\t\t\t\t\t\t<span class=\"elementor-icon-list-icon\">\n\t\t\t\t\t\t\t<i aria-hidden=\"true\" class=\"icon icon-check\"><\/i>\t\t\t\t\t\t<\/span>\n\t\t\t\t\t\t\t\t\t\t<span class=\"elementor-icon-list-text\">un pot \u00e0 feu avec un paquet de bois<\/span>\n\t\t\t\t\t\t\t\t\t<\/li>\n\t\t\t\t\t\t\t\t<li class=\"elementor-icon-list-item\">\n\t\t\t\t\t\t\t\t\t\t\t<span class=\"elementor-icon-list-icon\">\n\t\t\t\t\t\t\t<i aria-hidden=\"true\" class=\"icon icon-check\"><\/i>\t\t\t\t\t\t<\/span>\n\t\t\t\t\t\t\t\t\t\t<span class=\"elementor-icon-list-text\">vaiselle<\/span>\n\t\t\t\t\t\t\t\t\t<\/li>\n\t\t\t\t\t\t\t\t<li class=\"elementor-icon-list-item\">\n\t\t\t\t\t\t\t\t\t\t\t<span class=\"elementor-icon-list-icon\">\n\t\t\t\t\t\t\t<i aria-hidden=\"true\" class=\"icon icon-check\"><\/i>\t\t\t\t\t\t<\/span>\n\t\t\t\t\t\t\t\t\t\t<span class=\"elementor-icon-list-text\">ustensiles<\/span>\n\t\t\t\t\t\t\t\t\t<\/li>\n\t\t\t\t\t\t\t\t<li class=\"elementor-icon-list-item\">\n\t\t\t\t\t\t\t\t\t\t\t<span class=\"elementor-icon-list-icon\">\n\t\t\t\t\t\t\t<i aria-hidden=\"true\" class=\"icon icon-check\"><\/i>\t\t\t\t\t\t<\/span>\n\t\t\t\t\t\t\t\t\t\t<span class=\"elementor-icon-list-text\">grille pain<\/span>\n\t\t\t\t\t\t\t\t\t<\/li>\n\t\t\t\t\t\t\t\t<li class=\"elementor-icon-list-item\">\n\t\t\t\t\t\t\t\t\t\t\t<span class=\"elementor-icon-list-icon\">\n\t\t\t\t\t\t\t<i aria-hidden=\"true\" class=\"icon icon-check\"><\/i>\t\t\t\t\t\t<\/span>\n\t\t\t\t\t\t\t\t\t\t<span class=\"elementor-icon-list-text\">cafeti\u00e8re<\/span>\n\t\t\t\t\t\t\t\t\t<\/li>\n\t\t\t\t\t\t<\/ul>\n\t\t\t\t\t\t<\/div>\n\t\t\t\t<\/div>\n\t\t\t\t\t<\/div>\n\t\t<\/div>\n\t\t\t\t<div class=\"elementor-column elementor-col-50 elementor-inner-column elementor-element elementor-element-70490ed\" data-id=\"70490ed\" data-element_type=\"column\" data-e-type=\"column\">\n\t\t\t<div class=\"elementor-widget-wrap elementor-element-populated\">\n\t\t\t\t\t\t<div class=\"elementor-element elementor-element-dd25d0b elementor-widget elementor-widget-image\" data-id=\"dd25d0b\" data-element_type=\"widget\" data-e-type=\"widget\" data-widget_type=\"image.default\">\n\t\t\t\t<div class=\"elementor-widget-container\">\n\t\t\t\t\t\t\t\t\t\t\t\t\t\t\t<img decoding=\"async\" width=\"752\" height=\"1008\" src=\"https:\/\/campingrevesnature.com\/wp-content\/uploads\/2022\/01\/received_438183984677558.jpeg\" class=\"attachment-large size-large wp-image-615\" alt=\"\" srcset=\"https:\/\/campingrevesnature.com\/wp-content\/uploads\/2022\/01\/received_438183984677558.jpeg 752w, https:\/\/campingrevesnature.com\/wp-content\/uploads\/2022\/01\/received_438183984677558-224x300.jpeg 224w\" sizes=\"(max-width: 752px) 100vw, 752px\" \/>\t\t\t\t\t\t\t\t\t\t\t\t\t\t\t<\/div>\n\t\t\t\t<\/div>\n\t\t\t\t\t<\/div>\n\t\t<\/div>\n\t\t\t\t\t<\/div>\n\t\t<\/section>\n\t\t\t\t\t<\/div>\n\t\t<\/div>\n\t\t\t\t\t<\/div>\n\t\t<\/section>\n\t\t\t\t<\/div>\n\t\t","protected":false},"excerpt":{"rendered":"<p>en location ROULOTTE r\u00e8glements Roulotte Oasis 2018 18 pieds D\u00e9p\u00f4t de 50$ lors de la r\u00e9servation non remboursable si annulation. Paiement de la moiti\u00e9 de la r\u00e9servation 2 semaines a l&rsquo;avance et la balance au moment de votre arriv\u00e9e.\u00a0 \u00a0Des petits BBQ sont disponibles a l&rsquo;accueil moyennant des frais. Vous devez apporter votre literie et [&hellip;]<\/p>\n","protected":false},"author":1,"featured_media":0,"parent":0,"menu_order":0,"comment_status":"closed","ping_status":"closed","template":"","meta":{"footnotes":""},"class_list":["post-611","page","type-page","status-publish","hentry"],"yoast_head":"<!-- This site is optimized with the Yoast SEO plugin v24.5 - https:\/\/yoast.com\/wordpress\/plugins\/seo\/ -->\n<title>Roulotte \u00e0 louer - Camping r\u00eave Nature<\/title>\n<meta name=\"robots\" content=\"noindex, follow, max-snippet:-1, max-image-preview:large, max-video-preview:-1\" \/>\n<meta property=\"og:locale\" content=\"fr_FR\" \/>\n<meta property=\"og:type\" content=\"article\" \/>\n<meta property=\"og:title\" content=\"Roulotte \u00e0 louer - Camping r\u00eave Nature\" \/>\n<meta property=\"og:description\" content=\"en location ROULOTTE r\u00e8glements Roulotte Oasis 2018 18 pieds D\u00e9p\u00f4t de 50$ lors de la r\u00e9servation non remboursable si annulation. Paiement de la moiti\u00e9 de la r\u00e9servation 2 semaines a l&rsquo;avance et la balance au moment de votre arriv\u00e9e.\u00a0 \u00a0Des petits BBQ sont disponibles a l&rsquo;accueil moyennant des frais. Vous devez apporter votre literie et [&hellip;]\" \/>\n<meta property=\"og:url\" content=\"https:\/\/campingrevesnature.com\/index.php\/roulotte-a-louer\/\" \/>\n<meta property=\"og:site_name\" content=\"Camping r\u00eave Nature\" \/>\n<meta property=\"article:modified_time\" content=\"2025-01-09T21:04:07+00:00\" \/>\n<meta property=\"og:image\" content=\"https:\/\/campingrevesnature.com\/wp-content\/uploads\/2025\/01\/IMG_8688-1024x682.jpg\" \/>\n<meta name=\"twitter:card\" content=\"summary_large_image\" \/>\n<meta name=\"twitter:label1\" content=\"Dur\u00e9e de lecture estim\u00e9e\" \/>\n\t<meta name=\"twitter:data1\" content=\"2 minutes\" \/>\n<script type=\"application\/ld+json\" class=\"yoast-schema-graph\">{\"@context\":\"https:\/\/schema.org\",\"@graph\":[{\"@type\":\"WebPage\",\"@id\":\"https:\/\/campingrevesnature.com\/index.php\/roulotte-a-louer\/\",\"url\":\"https:\/\/campingrevesnature.com\/index.php\/roulotte-a-louer\/\",\"name\":\"Roulotte \u00e0 louer - Camping r\u00eave Nature\",\"isPartOf\":{\"@id\":\"https:\/\/campingrevesnature.com\/#website\"},\"primaryImageOfPage\":{\"@id\":\"https:\/\/campingrevesnature.com\/index.php\/roulotte-a-louer\/#primaryimage\"},\"image\":{\"@id\":\"https:\/\/campingrevesnature.com\/index.php\/roulotte-a-louer\/#primaryimage\"},\"thumbnailUrl\":\"https:\/\/campingrevesnature.com\/wp-content\/uploads\/2025\/01\/IMG_8688-1024x682.jpg\",\"datePublished\":\"2022-01-20T21:33:53+00:00\",\"dateModified\":\"2025-01-09T21:04:07+00:00\",\"breadcrumb\":{\"@id\":\"https:\/\/campingrevesnature.com\/index.php\/roulotte-a-louer\/#breadcrumb\"},\"inLanguage\":\"fr-FR\",\"potentialAction\":[{\"@type\":\"ReadAction\",\"target\":[\"https:\/\/campingrevesnature.com\/index.php\/roulotte-a-louer\/\"]}]},{\"@type\":\"ImageObject\",\"inLanguage\":\"fr-FR\",\"@id\":\"https:\/\/campingrevesnature.com\/index.php\/roulotte-a-louer\/#primaryimage\",\"url\":\"https:\/\/campingrevesnature.com\/wp-content\/uploads\/2025\/01\/IMG_8688.jpg\",\"contentUrl\":\"https:\/\/campingrevesnature.com\/wp-content\/uploads\/2025\/01\/IMG_8688.jpg\",\"width\":2000,\"height\":1333},{\"@type\":\"BreadcrumbList\",\"@id\":\"https:\/\/campingrevesnature.com\/index.php\/roulotte-a-louer\/#breadcrumb\",\"itemListElement\":[{\"@type\":\"ListItem\",\"position\":1,\"name\":\"Accueil\",\"item\":\"https:\/\/campingrevesnature.com\/\"},{\"@type\":\"ListItem\",\"position\":2,\"name\":\"Roulotte \u00e0 louer\"}]},{\"@type\":\"WebSite\",\"@id\":\"https:\/\/campingrevesnature.com\/#website\",\"url\":\"https:\/\/campingrevesnature.com\/\",\"name\":\"Camping r\u00eave Nature\",\"description\":\"\",\"potentialAction\":[{\"@type\":\"SearchAction\",\"target\":{\"@type\":\"EntryPoint\",\"urlTemplate\":\"https:\/\/campingrevesnature.com\/?s={search_term_string}\"},\"query-input\":{\"@type\":\"PropertyValueSpecification\",\"valueRequired\":true,\"valueName\":\"search_term_string\"}}],\"inLanguage\":\"fr-FR\"}]}<\/script>\n<!-- \/ Yoast SEO plugin. -->","yoast_head_json":{"title":"Roulotte \u00e0 louer - Camping r\u00eave Nature","robots":{"index":"noindex","follow":"follow","max-snippet":"max-snippet:-1","max-image-preview":"max-image-preview:large","max-video-preview":"max-video-preview:-1"},"og_locale":"fr_FR","og_type":"article","og_title":"Roulotte \u00e0 louer - Camping r\u00eave Nature","og_description":"en location ROULOTTE r\u00e8glements Roulotte Oasis 2018 18 pieds D\u00e9p\u00f4t de 50$ lors de la r\u00e9servation non remboursable si annulation. Paiement de la moiti\u00e9 de la r\u00e9servation 2 semaines a l&rsquo;avance et la balance au moment de votre arriv\u00e9e.\u00a0 \u00a0Des petits BBQ sont disponibles a l&rsquo;accueil moyennant des frais. Vous devez apporter votre literie et [&hellip;]","og_url":"https:\/\/campingrevesnature.com\/index.php\/roulotte-a-louer\/","og_site_name":"Camping r\u00eave Nature","article_modified_time":"2025-01-09T21:04:07+00:00","og_image":[{"url":"https:\/\/campingrevesnature.com\/wp-content\/uploads\/2025\/01\/IMG_8688-1024x682.jpg","type":"","width":"","height":""}],"twitter_card":"summary_large_image","twitter_misc":{"Dur\u00e9e de lecture estim\u00e9e":"2 minutes"},"schema":{"@context":"https:\/\/schema.org","@graph":[{"@type":"WebPage","@id":"https:\/\/campingrevesnature.com\/index.php\/roulotte-a-louer\/","url":"https:\/\/campingrevesnature.com\/index.php\/roulotte-a-louer\/","name":"Roulotte \u00e0 louer - Camping r\u00eave Nature","isPartOf":{"@id":"https:\/\/campingrevesnature.com\/#website"},"primaryImageOfPage":{"@id":"https:\/\/campingrevesnature.com\/index.php\/roulotte-a-louer\/#primaryimage"},"image":{"@id":"https:\/\/campingrevesnature.com\/index.php\/roulotte-a-louer\/#primaryimage"},"thumbnailUrl":"https:\/\/campingrevesnature.com\/wp-content\/uploads\/2025\/01\/IMG_8688-1024x682.jpg","datePublished":"2022-01-20T21:33:53+00:00","dateModified":"2025-01-09T21:04:07+00:00","breadcrumb":{"@id":"https:\/\/campingrevesnature.com\/index.php\/roulotte-a-louer\/#breadcrumb"},"inLanguage":"fr-FR","potentialAction":[{"@type":"ReadAction","target":["https:\/\/campingrevesnature.com\/index.php\/roulotte-a-louer\/"]}]},{"@type":"ImageObject","inLanguage":"fr-FR","@id":"https:\/\/campingrevesnature.com\/index.php\/roulotte-a-louer\/#primaryimage","url":"https:\/\/campingrevesnature.com\/wp-content\/uploads\/2025\/01\/IMG_8688.jpg","contentUrl":"https:\/\/campingrevesnature.com\/wp-content\/uploads\/2025\/01\/IMG_8688.jpg","width":2000,"height":1333},{"@type":"BreadcrumbList","@id":"https:\/\/campingrevesnature.com\/index.php\/roulotte-a-louer\/#breadcrumb","itemListElement":[{"@type":"ListItem","position":1,"name":"Accueil","item":"https:\/\/campingrevesnature.com\/"},{"@type":"ListItem","position":2,"name":"Roulotte \u00e0 louer"}]},{"@type":"WebSite","@id":"https:\/\/campingrevesnature.com\/#website","url":"https:\/\/campingrevesnature.com\/","name":"Camping r\u00eave Nature","description":"","potentialAction":[{"@type":"SearchAction","target":{"@type":"EntryPoint","urlTemplate":"https:\/\/campingrevesnature.com\/?s={search_term_string}"},"query-input":{"@type":"PropertyValueSpecification","valueRequired":true,"valueName":"search_term_string"}}],"inLanguage":"fr-FR"}]}},"_links":{"self":[{"href":"https:\/\/campingrevesnature.com\/index.php\/wp-json\/wp\/v2\/pages\/611","targetHints":{"allow":["GET"]}}],"collection":[{"href":"https:\/\/campingrevesnature.com\/index.php\/wp-json\/wp\/v2\/pages"}],"about":[{"href":"https:\/\/campingrevesnature.com\/index.php\/wp-json\/wp\/v2\/types\/page"}],"author":[{"embeddable":true,"href":"https:\/\/campingrevesnature.com\/index.php\/wp-json\/wp\/v2\/users\/1"}],"replies":[{"embeddable":true,"href":"https:\/\/campingrevesnature.com\/index.php\/wp-json\/wp\/v2\/comments?post=611"}],"version-history":[{"count":28,"href":"https:\/\/campingrevesnature.com\/index.php\/wp-json\/wp\/v2\/pages\/611\/revisions"}],"predecessor-version":[{"id":933,"href":"https:\/\/campingrevesnature.com\/index.php\/wp-json\/wp\/v2\/pages\/611\/revisions\/933"}],"wp:attachment":[{"href":"https:\/\/campingrevesnature.com\/index.php\/wp-json\/wp\/v2\/media?parent=611"}],"curies":[{"name":"wp","href":"https:\/\/api.w.org\/{rel}","templated":true}]}}