{"id":440,"date":"2021-06-28T18:17:47","date_gmt":"2021-06-28T18:17:47","guid":{"rendered":"https:\/\/campingrevenature.com\/?page_id=440"},"modified":"2026-04-10T15:57:43","modified_gmt":"2026-04-10T15:57:43","slug":"reservations-saint-ferdinand-centre-du-quebec","status":"publish","type":"page","link":"https:\/\/campingrevesnature.com\/index.php\/reservations-saint-ferdinand-centre-du-quebec\/","title":{"rendered":"R\u00c9SERVATIONS"},"content":{"rendered":"\t\t<div data-elementor-type=\"wp-page\" data-elementor-id=\"440\" class=\"elementor elementor-440\" data-elementor-post-type=\"page\">\n\t\t\t\t\t\t<section class=\"elementor-section elementor-top-section elementor-element elementor-element-4798caa9 elementor-section-boxed elementor-section-height-default elementor-section-height-default\" data-id=\"4798caa9\" data-element_type=\"section\" data-e-type=\"section\" data-settings=\"{&quot;background_background&quot;:&quot;classic&quot;}\">\n\t\t\t\t\t\t\t<div class=\"elementor-background-overlay\"><\/div>\n\t\t\t\t\t\t\t<div class=\"elementor-container elementor-column-gap-default\">\n\t\t\t\t\t<div class=\"elementor-column elementor-col-100 elementor-top-column elementor-element elementor-element-30870a23 elementor-invisible\" data-id=\"30870a23\" data-element_type=\"column\" data-e-type=\"column\" data-settings=\"{&quot;animation&quot;:&quot;fadeIn&quot;}\">\n\t\t\t<div class=\"elementor-widget-wrap elementor-element-populated\">\n\t\t\t\t\t\t<div class=\"elementor-element elementor-element-6a6ca1b3 elementor-invisible elementor-widget elementor-widget-heading\" data-id=\"6a6ca1b3\" data-element_type=\"widget\" data-e-type=\"widget\" data-settings=\"{&quot;_animation&quot;:&quot;fadeIn&quot;}\" data-widget_type=\"heading.default\">\n\t\t\t\t<div class=\"elementor-widget-container\">\n\t\t\t\t\t<h2 class=\"elementor-heading-title elementor-size-default\">R\u00c9SERVATIONS<\/h2>\t\t\t\t<\/div>\n\t\t\t\t<\/div>\n\t\t\t\t<div class=\"elementor-element elementor-element-14e23ff3 elementor-invisible elementor-widget elementor-widget-heading\" data-id=\"14e23ff3\" data-element_type=\"widget\" data-e-type=\"widget\" data-settings=\"{&quot;_animation&quot;:&quot;fadeIn&quot;,&quot;_animation_delay&quot;:200}\" data-widget_type=\"heading.default\">\n\t\t\t\t<div class=\"elementor-widget-container\">\n\t\t\t\t\t<h2 class=\"elementor-heading-title elementor-size-default\">POUR LES R\u00c9SERVATIONS<\/h2>\t\t\t\t<\/div>\n\t\t\t\t<\/div>\n\t\t\t\t\t<\/div>\n\t\t<\/div>\n\t\t\t\t\t<\/div>\n\t\t<\/section>\n\t\t\t\t<section class=\"elementor-section elementor-top-section elementor-element elementor-element-59ef6988 elementor-section-boxed elementor-section-height-default elementor-section-height-default\" data-id=\"59ef6988\" data-element_type=\"section\" data-e-type=\"section\" data-settings=\"{&quot;background_background&quot;:&quot;classic&quot;}\">\n\t\t\t\t\t\t<div class=\"elementor-container elementor-column-gap-default\">\n\t\t\t\t\t<div class=\"elementor-column elementor-col-50 elementor-top-column elementor-element elementor-element-4b6c776f elementor-invisible\" data-id=\"4b6c776f\" data-element_type=\"column\" data-e-type=\"column\" data-settings=\"{&quot;background_background&quot;:&quot;classic&quot;,&quot;animation&quot;:&quot;fadeIn&quot;,&quot;animation_delay&quot;:200}\">\n\t\t\t<div class=\"elementor-widget-wrap elementor-element-populated\">\n\t\t\t\t\t\t<div class=\"elementor-element elementor-element-2c5c33c1 elementor-widget elementor-widget-spacer\" data-id=\"2c5c33c1\" data-element_type=\"widget\" data-e-type=\"widget\" data-widget_type=\"spacer.default\">\n\t\t\t\t<div class=\"elementor-widget-container\">\n\t\t\t\t\t\t\t<div class=\"elementor-spacer\">\n\t\t\t<div class=\"elementor-spacer-inner\"><\/div>\n\t\t<\/div>\n\t\t\t\t\t\t<\/div>\n\t\t\t\t<\/div>\n\t\t\t\t\t<\/div>\n\t\t<\/div>\n\t\t\t\t<div class=\"elementor-column elementor-col-50 elementor-top-column elementor-element elementor-element-34a27f3b\" data-id=\"34a27f3b\" data-element_type=\"column\" data-e-type=\"column\">\n\t\t\t<div class=\"elementor-widget-wrap elementor-element-populated\">\n\t\t\t\t\t\t<div class=\"elementor-element elementor-element-6c830ba7 elementor-invisible elementor-widget elementor-widget-heading\" data-id=\"6c830ba7\" data-element_type=\"widget\" data-e-type=\"widget\" data-settings=\"{&quot;_animation&quot;:&quot;fadeIn&quot;}\" data-widget_type=\"heading.default\">\n\t\t\t\t<div class=\"elementor-widget-container\">\n\t\t\t\t\t<h2 class=\"elementor-heading-title elementor-size-default\">R\u00e9servations<\/h2>\t\t\t\t<\/div>\n\t\t\t\t<\/div>\n\t\t\t\t<div class=\"elementor-element elementor-element-240f42cc elementor-invisible elementor-widget elementor-widget-heading\" data-id=\"240f42cc\" data-element_type=\"widget\" data-e-type=\"widget\" data-settings=\"{&quot;_animation&quot;:&quot;fadeIn&quot;,&quot;_animation_delay&quot;:200}\" data-widget_type=\"heading.default\">\n\t\t\t\t<div class=\"elementor-widget-container\">\n\t\t\t\t\t<h2 class=\"elementor-heading-title elementor-size-default\">POLITIQUE D'annulation<\/h2>\t\t\t\t<\/div>\n\t\t\t\t<\/div>\n\t\t\t\t<div class=\"elementor-element elementor-element-4ff09fa4 elementor-widget elementor-widget-text-editor\" data-id=\"4ff09fa4\" data-element_type=\"widget\" data-e-type=\"widget\" data-widget_type=\"text-editor.default\">\n\t\t\t\t<div class=\"elementor-widget-container\">\n\t\t\t\t\t\t\t\t\t<p style=\"font-weight: 400;\"><strong>Pour les voyageurs\u00a0:<\/strong><\/p><p style=\"font-weight: 400;\">\u00a0\u00a0\u00a0\u00a0\u00a0\u00a0\u00a0\u00a0\u00a0\u00a0\u00a0\u00a0\u00a0\u00a0\u00a0\u00a0\u00a0\u00a0\u00a0\u00a0\u00a0\u00a0\u00a0\u00a0\u00a0\u00a0\u00a0\u00a0\u00a0\u00a0\u00a0\u00a0\u00a0\u00a0\u00a0\u00a0 \u00a0Si l\u2019annulation survient 3 jours ou moins pr\u00e9c\u00e9dent la date de r\u00e9servation, la totalit\u00e9 du montant n\u2019est pas rembours\u00e9.<br \/>\u00a0\u00a0\u00a0\u00a0\u00a0\u00a0\u00a0\u00a0\u00a0\u00a0\u00a0\u00a0\u00a0\u00a0\u00a0\u00a0\u00a0\u00a0\u00a0\u00a0\u00a0\u00a0\u00a0\u00a0\u00a0\u00a0\u00a0\u00a0\u00a0 \u00a0\u00a0\u00a0\u00a0\u00a0\u00a0\u00a0\u00a0\u00a0\u00a0\u00a0\u00a0\u00a0\u00a0\u00a0\u00a0\u00a0\u00a0\u00a0\u00a0\u00a0\u00a0Si l\u2019annulation survient entre 4 jours et 1 semaine pr\u00e9c\u00e9dent la date de r\u00e9servation, nous vous redonnons 50% des frais avant taxes.<br \/>\u00a0\u00a0\u00a0\u00a0\u00a0\u00a0\u00a0\u00a0\u00a0\u00a0\u00a0\u00a0\u00a0\u00a0\u00a0\u00a0\u00a0\u00a0\u00a0\u00a0\u00a0\u00a0\u00a0\u00a0\u00a0\u00a0\u00a0\u00a0\u00a0\u00a0\u00a0 \u00a0\u00a0\u00a0\u00a0\u00a0 \u00a0\u00a0\u00a0\u00a0\u00a0\u00a0\u00a0\u00a0 \u00a0\u00a0\u00a0\u00a0\u00a0\u00a0\u00a0\u00a0\u00a0\u00a0Si l\u2019annulation survient de plus d\u2019une semaine pr\u00e9c\u00e9dent la date de r\u00e9servation, le montant vous sera rembours\u00e9.<\/p><p style=\"font-weight: 400;\">Veuillez notez que les d\u00e9p\u00f4ts et autres frais ne sont ni \u00e9changeables, \u00a0ni remboursables et ni transf\u00e9rables entre campeur.<br \/>\u00a0\u00a0\u00a0\u00a0\u00a0\u00a0\u00a0\u00a0\u00a0\u00a0\u00a0\u00a0\u00a0\u00a0\u00a0\u00a0\u00a0\u00a0\u00a0\u00a0\u00a0\u00a0\u00a0\u00a0\u00a0\u00a0\u00a0\u00a0\u00a0\u00a0\u00a0\u00a0\u00a0\u00a0\u00a0 Aucun remboursement pour un s\u00e9jour \u00e9court\u00e9.<\/p><p style=\"font-weight: 400;\">Tout campeur est responsable de leur visiteur.<\/p><p>\u00a0\u00a0\u00a0\u00a0\u00a0\u00a0\u00a0\u00a0\u00a0\u00a0\u00a0\u00a0\u00a0\u00a0\u00a0\u00a0\u00a0\u00a0\u00a0\u00a0\u00a0\u00a0\u00a0\u00a0\u00a0\u00a0\u00a0\u00a0\u00a0\u00a0\u00a0\u00a0\u00a0\u00a0\u00a0\u00a0\u00a0\u00a0\u00a0\u00a0\u00a0 <strong>Pour les saisonniers\u00a0:<\/strong><\/p><p style=\"font-weight: 400;\">Un d\u00e9p\u00f4t de 150$ est demand\u00e9 au moment de r\u00e9server et le solde complet sera pay\u00e9 \u00e0 l\u2019ouverture de la saison.<br \/>\u00a0\u00a0\u00a0\u00a0\u00a0\u00a0\u00a0\u00a0\u00a0 Les d\u00e9p\u00f4ts pour saisonniers ne sont ni \u00e9changeables, ni remboursables et ni transf\u00e9rables entre campeur.<br \/>\u00a0\u00a0\u00a0\u00a0\u00a0\u00a0\u00a0\u00a0\u00a0\u00a0 Aucune raison et motif ne sera pris en consid\u00e9ration pour un remboursement.<br \/>\u00a0\u00a0\u00a0\u00a0\u00a0\u00a0\u00a0\u00a0\u00a0\u00a0Aucun remboursement pour un s\u00e9jour \u00e9court\u00e9.<br \/>\u00a0\u00a0\u00a0\u00a0\u00a0\u00a0\u00a0\u00a0\u00a0\u00a0 Tout campeur est responsable de leur visiteur.<\/p>\t\t\t\t\t\t\t\t<\/div>\n\t\t\t\t<\/div>\n\t\t\t\t<div class=\"elementor-element elementor-element-7cde032f elementor-mobile-align-center elementor-align-left elementor-widget elementor-widget-button\" data-id=\"7cde032f\" data-element_type=\"widget\" data-e-type=\"widget\" data-widget_type=\"button.default\">\n\t\t\t\t<div class=\"elementor-widget-container\">\n\t\t\t\t\t\t\t\t\t<div class=\"elementor-button-wrapper\">\n\t\t\t\t\t<a class=\"elementor-button elementor-button-link elementor-size-sm\" href=\"https:\/\/campingrevesnature.com\/index.php\/nous-joindre\/\">\n\t\t\t\t\t\t<span class=\"elementor-button-content-wrapper\">\n\t\t\t\t\t\t\t\t\t<span class=\"elementor-button-text\">NOUS JOINDRE<\/span>\n\t\t\t\t\t<\/span>\n\t\t\t\t\t<\/a>\n\t\t\t\t<\/div>\n\t\t\t\t\t\t\t\t<\/div>\n\t\t\t\t<\/div>\n\t\t\t\t\t<\/div>\n\t\t<\/div>\n\t\t\t\t\t<\/div>\n\t\t<\/section>\n\t\t\t\t<section class=\"elementor-section elementor-top-section elementor-element elementor-element-7f54ba25 elementor-section-boxed elementor-section-height-default elementor-section-height-default\" data-id=\"7f54ba25\" data-element_type=\"section\" data-e-type=\"section\" data-settings=\"{&quot;background_background&quot;:&quot;classic&quot;}\">\n\t\t\t\t\t\t<div class=\"elementor-container elementor-column-gap-default\">\n\t\t\t\t\t<div class=\"elementor-column elementor-col-100 elementor-top-column elementor-element elementor-element-287b7a86 elementor-invisible\" data-id=\"287b7a86\" data-element_type=\"column\" data-e-type=\"column\" data-settings=\"{&quot;animation&quot;:&quot;fadeIn&quot;}\">\n\t\t\t<div class=\"elementor-widget-wrap elementor-element-populated\">\n\t\t\t\t\t\t<section class=\"elementor-section elementor-inner-section elementor-element elementor-element-73072581 elementor-section-full_width elementor-section-height-default elementor-section-height-default\" data-id=\"73072581\" data-element_type=\"section\" data-e-type=\"section\">\n\t\t\t\t\t\t<div class=\"elementor-container elementor-column-gap-default\">\n\t\t\t\t\t<div class=\"elementor-column elementor-col-50 elementor-inner-column elementor-element elementor-element-38016e03 elementor-hidden-phone elementor-invisible\" data-id=\"38016e03\" data-element_type=\"column\" data-e-type=\"column\" data-settings=\"{&quot;animation&quot;:&quot;fadeIn&quot;}\">\n\t\t\t<div class=\"elementor-widget-wrap elementor-element-populated\">\n\t\t\t\t\t\t<div class=\"elementor-element elementor-element-738d09e9 elementor-invisible elementor-widget elementor-widget-heading\" data-id=\"738d09e9\" data-element_type=\"widget\" data-e-type=\"widget\" data-settings=\"{&quot;_animation&quot;:&quot;fadeIn&quot;}\" data-widget_type=\"heading.default\">\n\t\t\t\t<div class=\"elementor-widget-container\">\n\t\t\t\t\t<h2 class=\"elementor-heading-title elementor-size-default\">R\u00e8glements<\/h2>\t\t\t\t<\/div>\n\t\t\t\t<\/div>\n\t\t\t\t<div class=\"elementor-element elementor-element-1e6e6ff5 elementor-widget elementor-widget-heading\" data-id=\"1e6e6ff5\" data-element_type=\"widget\" data-e-type=\"widget\" data-widget_type=\"heading.default\">\n\t\t\t\t<div class=\"elementor-widget-container\">\n\t\t\t\t\t<h2 class=\"elementor-heading-title elementor-size-default\">Prendre note de :<\/h2>\t\t\t\t<\/div>\n\t\t\t\t<\/div>\n\t\t\t\t\t<\/div>\n\t\t<\/div>\n\t\t\t\t<div class=\"elementor-column elementor-col-50 elementor-inner-column elementor-element elementor-element-772af274 elementor-invisible\" data-id=\"772af274\" data-element_type=\"column\" data-e-type=\"column\" data-settings=\"{&quot;animation&quot;:&quot;fadeIn&quot;,&quot;animation_delay&quot;:200}\">\n\t\t\t<div class=\"elementor-widget-wrap elementor-element-populated\">\n\t\t\t\t\t\t<div class=\"elementor-element elementor-element-750f1a1e elementor-widget elementor-widget-text-editor\" data-id=\"750f1a1e\" data-element_type=\"widget\" data-e-type=\"widget\" data-widget_type=\"text-editor.default\">\n\t\t\t\t<div class=\"elementor-widget-container\">\n\t\t\t\t\t\t\t\t\t<ol><li>Le couvre-feu et le d\u00e9part des visiteurs sont \u00e9tablis \u00e0 23h.<\/li><li>Tous les visiteurs sont tenus de payer la tarification d\u2019entr\u00e9e.<\/li><li>La vitesse maximale est de 10 KM.<\/li><li>Les v\u00e9los, patins, planche \u00e0 roulettes, kart de golf, etc. Sont interdit d\u00e9pass\u00e9 21h.<\/li><li>Les propri\u00e9taires d\u2019animaux sont tenus de ramasser les excr\u00e9ments et les animaux d\u00e9rangeants autrui seront expuls\u00e9s.<\/li><li>Les locataires de terrains sont tenus de garder leur site propre en tout temps ainsi qu\u2019\u00e0 leur d\u00e9part.<\/li><li>Aucune violence physique ou verbale ne sera tol\u00e9r\u00e9e!<\/li><li style=\"font-weight: 400;\">La direction n\u2019est pas responsable des objets perdus, vol\u00e9s ou endommag\u00e9s.<\/li><\/ol>\t\t\t\t\t\t\t\t<\/div>\n\t\t\t\t<\/div>\n\t\t\t\t\t<\/div>\n\t\t<\/div>\n\t\t\t\t\t<\/div>\n\t\t<\/section>\n\t\t\t\t\t<\/div>\n\t\t<\/div>\n\t\t\t\t\t<\/div>\n\t\t<\/section>\n\t\t\t\t<section class=\"elementor-section elementor-top-section elementor-element elementor-element-9fc6330 elementor-section-boxed elementor-section-height-default elementor-section-height-default\" data-id=\"9fc6330\" data-element_type=\"section\" data-e-type=\"section\">\n\t\t\t\t\t\t<div class=\"elementor-container elementor-column-gap-default\">\n\t\t\t\t\t<div class=\"elementor-column elementor-col-100 elementor-top-column elementor-element elementor-element-08c1804\" data-id=\"08c1804\" data-element_type=\"column\" data-e-type=\"column\">\n\t\t\t<div class=\"elementor-widget-wrap elementor-element-populated\">\n\t\t\t\t\t\t<div class=\"elementor-element elementor-element-054f8e3 elementor-widget elementor-widget-html\" data-id=\"054f8e3\" data-element_type=\"widget\" data-e-type=\"widget\" data-widget_type=\"html.default\">\n\t\t\t\t<div class=\"elementor-widget-container\">\n\t\t\t\t\t<iframe \nsrc=\"https:\/\/www.anemonecamping.com\/(S(twqwuzeeaipn2g45zdd2slvz))\/RecherchePartenaire.aspx?PartenaireID=5092D5DD-0C2E-46C8-BC27-49BA134918C0&Langue=FR&Ref=\" \nwidth=\"100%\" \nheight=\"500\" \nframeborder=\"0\">\n<\/iframe>\t\t\t\t<\/div>\n\t\t\t\t<\/div>\n\t\t\t\t\t<\/div>\n\t\t<\/div>\n\t\t\t\t\t<\/div>\n\t\t<\/section>\n\t\t\t\t<\/div>\n\t\t","protected":false},"excerpt":{"rendered":"<p>R\u00c9SERVATIONS POUR LES R\u00c9SERVATIONS R\u00e9servations POLITIQUE D&rsquo;annulation Pour les voyageurs\u00a0: \u00a0\u00a0\u00a0\u00a0\u00a0\u00a0\u00a0\u00a0\u00a0\u00a0\u00a0\u00a0\u00a0\u00a0\u00a0\u00a0\u00a0\u00a0\u00a0\u00a0\u00a0\u00a0\u00a0\u00a0\u00a0\u00a0\u00a0\u00a0\u00a0\u00a0\u00a0\u00a0\u00a0\u00a0\u00a0\u00a0 \u00a0Si l\u2019annulation survient 3 jours ou moins pr\u00e9c\u00e9dent la date de r\u00e9servation, la totalit\u00e9 du montant n\u2019est pas rembours\u00e9.\u00a0\u00a0\u00a0\u00a0\u00a0\u00a0\u00a0\u00a0\u00a0\u00a0\u00a0\u00a0\u00a0\u00a0\u00a0\u00a0\u00a0\u00a0\u00a0\u00a0\u00a0\u00a0\u00a0\u00a0\u00a0\u00a0\u00a0\u00a0\u00a0 \u00a0\u00a0\u00a0\u00a0\u00a0\u00a0\u00a0\u00a0\u00a0\u00a0\u00a0\u00a0\u00a0\u00a0\u00a0\u00a0\u00a0\u00a0\u00a0\u00a0\u00a0\u00a0Si l\u2019annulation survient entre 4 jours et 1 semaine pr\u00e9c\u00e9dent la date de r\u00e9servation, nous vous redonnons 50% des frais avant taxes.\u00a0\u00a0\u00a0\u00a0\u00a0\u00a0\u00a0\u00a0\u00a0\u00a0\u00a0\u00a0\u00a0\u00a0\u00a0\u00a0\u00a0\u00a0\u00a0\u00a0\u00a0\u00a0\u00a0\u00a0\u00a0\u00a0\u00a0\u00a0\u00a0\u00a0\u00a0 \u00a0\u00a0\u00a0\u00a0\u00a0 \u00a0\u00a0\u00a0\u00a0\u00a0\u00a0\u00a0\u00a0 \u00a0\u00a0\u00a0\u00a0\u00a0\u00a0\u00a0\u00a0\u00a0\u00a0Si [&hellip;]<\/p>\n","protected":false},"author":1,"featured_media":0,"parent":0,"menu_order":0,"comment_status":"closed","ping_status":"closed","template":"elementor_header_footer","meta":{"footnotes":""},"class_list":["post-440","page","type-page","status-publish","hentry"],"yoast_head":"<!-- This site is optimized with the Yoast SEO plugin v24.5 - https:\/\/yoast.com\/wordpress\/plugins\/seo\/ -->\n<title>R\u00c9SERVATIONS - Camping r\u00eave Nature Saint-Ferdinand<\/title>\n<meta name=\"description\" content=\"Camping R\u00eave Nature - Saint-Ferdinand - Centre-du-Qu\u00e9bec - Camping Qu\u00e9bec - R\u00e9servation Qu\u00e9bec - Terrain de camping\" \/>\n<meta name=\"robots\" content=\"noindex, follow, max-snippet:-1, max-image-preview:large, max-video-preview:-1\" \/>\n<meta property=\"og:locale\" content=\"fr_FR\" \/>\n<meta property=\"og:type\" content=\"article\" \/>\n<meta property=\"og:title\" content=\"R\u00c9SERVATIONS - Camping r\u00eave Nature Saint-Ferdinand\" \/>\n<meta property=\"og:description\" content=\"Camping R\u00eave Nature - Saint-Ferdinand - Centre-du-Qu\u00e9bec - Camping Qu\u00e9bec - R\u00e9servation Qu\u00e9bec - Terrain de camping\" \/>\n<meta property=\"og:url\" content=\"https:\/\/campingrevesnature.com\/index.php\/reservations-saint-ferdinand-centre-du-quebec\/\" \/>\n<meta property=\"og:site_name\" content=\"Camping r\u00eave Nature\" \/>\n<meta property=\"article:modified_time\" content=\"2026-04-10T15:57:43+00:00\" \/>\n<meta name=\"twitter:card\" content=\"summary_large_image\" \/>\n<meta name=\"twitter:label1\" content=\"Dur\u00e9e de lecture estim\u00e9e\" \/>\n\t<meta name=\"twitter:data1\" content=\"2 minutes\" \/>\n<script type=\"application\/ld+json\" class=\"yoast-schema-graph\">{\"@context\":\"https:\/\/schema.org\",\"@graph\":[{\"@type\":\"WebPage\",\"@id\":\"https:\/\/campingrevesnature.com\/index.php\/reservations-saint-ferdinand-centre-du-quebec\/\",\"url\":\"https:\/\/campingrevesnature.com\/index.php\/reservations-saint-ferdinand-centre-du-quebec\/\",\"name\":\"R\u00c9SERVATIONS - Camping r\u00eave Nature Saint-Ferdinand\",\"isPartOf\":{\"@id\":\"https:\/\/campingrevesnature.com\/#website\"},\"datePublished\":\"2021-06-28T18:17:47+00:00\",\"dateModified\":\"2026-04-10T15:57:43+00:00\",\"description\":\"Camping R\u00eave Nature - Saint-Ferdinand - Centre-du-Qu\u00e9bec - Camping Qu\u00e9bec - R\u00e9servation Qu\u00e9bec - Terrain de camping\",\"breadcrumb\":{\"@id\":\"https:\/\/campingrevesnature.com\/index.php\/reservations-saint-ferdinand-centre-du-quebec\/#breadcrumb\"},\"inLanguage\":\"fr-FR\",\"potentialAction\":[{\"@type\":\"ReadAction\",\"target\":[\"https:\/\/campingrevesnature.com\/index.php\/reservations-saint-ferdinand-centre-du-quebec\/\"]}]},{\"@type\":\"BreadcrumbList\",\"@id\":\"https:\/\/campingrevesnature.com\/index.php\/reservations-saint-ferdinand-centre-du-quebec\/#breadcrumb\",\"itemListElement\":[{\"@type\":\"ListItem\",\"position\":1,\"name\":\"Accueil\",\"item\":\"https:\/\/campingrevesnature.com\/\"},{\"@type\":\"ListItem\",\"position\":2,\"name\":\"R\u00c9SERVATIONS\"}]},{\"@type\":\"WebSite\",\"@id\":\"https:\/\/campingrevesnature.com\/#website\",\"url\":\"https:\/\/campingrevesnature.com\/\",\"name\":\"Camping r\u00eave Nature\",\"description\":\"\",\"potentialAction\":[{\"@type\":\"SearchAction\",\"target\":{\"@type\":\"EntryPoint\",\"urlTemplate\":\"https:\/\/campingrevesnature.com\/?s={search_term_string}\"},\"query-input\":{\"@type\":\"PropertyValueSpecification\",\"valueRequired\":true,\"valueName\":\"search_term_string\"}}],\"inLanguage\":\"fr-FR\"}]}<\/script>\n<!-- \/ Yoast SEO plugin. -->","yoast_head_json":{"title":"R\u00c9SERVATIONS - Camping r\u00eave Nature Saint-Ferdinand","description":"Camping R\u00eave Nature - Saint-Ferdinand - Centre-du-Qu\u00e9bec - Camping Qu\u00e9bec - R\u00e9servation Qu\u00e9bec - Terrain de camping","robots":{"index":"noindex","follow":"follow","max-snippet":"max-snippet:-1","max-image-preview":"max-image-preview:large","max-video-preview":"max-video-preview:-1"},"og_locale":"fr_FR","og_type":"article","og_title":"R\u00c9SERVATIONS - Camping r\u00eave Nature Saint-Ferdinand","og_description":"Camping R\u00eave Nature - Saint-Ferdinand - Centre-du-Qu\u00e9bec - Camping Qu\u00e9bec - R\u00e9servation Qu\u00e9bec - Terrain de camping","og_url":"https:\/\/campingrevesnature.com\/index.php\/reservations-saint-ferdinand-centre-du-quebec\/","og_site_name":"Camping r\u00eave Nature","article_modified_time":"2026-04-10T15:57:43+00:00","twitter_card":"summary_large_image","twitter_misc":{"Dur\u00e9e de lecture estim\u00e9e":"2 minutes"},"schema":{"@context":"https:\/\/schema.org","@graph":[{"@type":"WebPage","@id":"https:\/\/campingrevesnature.com\/index.php\/reservations-saint-ferdinand-centre-du-quebec\/","url":"https:\/\/campingrevesnature.com\/index.php\/reservations-saint-ferdinand-centre-du-quebec\/","name":"R\u00c9SERVATIONS - Camping r\u00eave Nature Saint-Ferdinand","isPartOf":{"@id":"https:\/\/campingrevesnature.com\/#website"},"datePublished":"2021-06-28T18:17:47+00:00","dateModified":"2026-04-10T15:57:43+00:00","description":"Camping R\u00eave Nature - Saint-Ferdinand - Centre-du-Qu\u00e9bec - Camping Qu\u00e9bec - R\u00e9servation Qu\u00e9bec - Terrain de camping","breadcrumb":{"@id":"https:\/\/campingrevesnature.com\/index.php\/reservations-saint-ferdinand-centre-du-quebec\/#breadcrumb"},"inLanguage":"fr-FR","potentialAction":[{"@type":"ReadAction","target":["https:\/\/campingrevesnature.com\/index.php\/reservations-saint-ferdinand-centre-du-quebec\/"]}]},{"@type":"BreadcrumbList","@id":"https:\/\/campingrevesnature.com\/index.php\/reservations-saint-ferdinand-centre-du-quebec\/#breadcrumb","itemListElement":[{"@type":"ListItem","position":1,"name":"Accueil","item":"https:\/\/campingrevesnature.com\/"},{"@type":"ListItem","position":2,"name":"R\u00c9SERVATIONS"}]},{"@type":"WebSite","@id":"https:\/\/campingrevesnature.com\/#website","url":"https:\/\/campingrevesnature.com\/","name":"Camping r\u00eave Nature","description":"","potentialAction":[{"@type":"SearchAction","target":{"@type":"EntryPoint","urlTemplate":"https:\/\/campingrevesnature.com\/?s={search_term_string}"},"query-input":{"@type":"PropertyValueSpecification","valueRequired":true,"valueName":"search_term_string"}}],"inLanguage":"fr-FR"}]}},"_links":{"self":[{"href":"https:\/\/campingrevesnature.com\/index.php\/wp-json\/wp\/v2\/pages\/440","targetHints":{"allow":["GET"]}}],"collection":[{"href":"https:\/\/campingrevesnature.com\/index.php\/wp-json\/wp\/v2\/pages"}],"about":[{"href":"https:\/\/campingrevesnature.com\/index.php\/wp-json\/wp\/v2\/types\/page"}],"author":[{"embeddable":true,"href":"https:\/\/campingrevesnature.com\/index.php\/wp-json\/wp\/v2\/users\/1"}],"replies":[{"embeddable":true,"href":"https:\/\/campingrevesnature.com\/index.php\/wp-json\/wp\/v2\/comments?post=440"}],"version-history":[{"count":56,"href":"https:\/\/campingrevesnature.com\/index.php\/wp-json\/wp\/v2\/pages\/440\/revisions"}],"predecessor-version":[{"id":996,"href":"https:\/\/campingrevesnature.com\/index.php\/wp-json\/wp\/v2\/pages\/440\/revisions\/996"}],"wp:attachment":[{"href":"https:\/\/campingrevesnature.com\/index.php\/wp-json\/wp\/v2\/media?parent=440"}],"curies":[{"name":"wp","href":"https:\/\/api.w.org\/{rel}","templated":true}]}}